{"id":9,"date":"2018-01-19T23:41:50","date_gmt":"2018-01-19T23:41:50","guid":{"rendered":"http:\/\/gorillatee.net\/pronostic-foot\/?page_id=6"},"modified":"2020-11-03T10:02:05","modified_gmt":"2020-11-03T10:02:05","slug":"meilleur-pronostic-foot-gratuit-et-fiable","status":"publish","type":"page","link":"http:\/\/gorillatee.net\/pronostic-foot\/","title":{"rendered":"Meilleur Pronostic Foot et Fiable Site de Paris Sportif"},"content":{"rendered":"<div class=\"wpsm-comptable-wrap\">\n<table id=\"wpsm-table-1\" class=\"wpsm-comptable wpsm-comptable-responsive\">\n<thead class=\"wpsm-thead wpsm-thead-black\">\n<tr>\n<th>\n<div class=\"center sign-up-bonus\">Casino<\/div>\n<\/th>\n<th><\/th>\n<th>\n<div class=\"center sign-up-bonus\">Bonus<\/div>\n<\/th>\n<th>\n<div class=\"center sign-up-bonus\">Paiement et Compatibilit\u00e9<\/div>\n<\/th>\n<\/tr>\n<\/thead>\n<tbody class=\"wpsm-tbody\">\n<tr>\n<td><a href=\"bonus\/netbet\/\" rel=\"nofollow\"><img class=\"aligncenter\" src=\"wp-content\/uploads\/netbet-logo.png\" \/><\/a><\/p>\n<div style=\"text-align: center;\"><\/div>\n<\/td>\n<td><a href=\"bonus\/netbet\/\" rel=\"nofollow\"><button class=\"hvr-grow-shadow\">Parier Maintenant<\/button><\/a><\/td>\n<td>\n<div class=\"center\"><a href=\"bonus\/netbet\/\" rel=\"nofollow\"><strong class=\"green-text\">100%<\/strong><br \/>\n<\/p>\n<div class=\"up-to\">jusqu&#8217;\u00e0<\/div>\n<p><strong class=\"green-text\">\u20ac100<\/strong><\/a><\/div>\n<\/td>\n<td>\n<div class=\"center\">\n<p>&nbsp;<\/p>\n<p><i class=\"fab fa-apple fa-2x\"><\/i>&nbsp;&nbsp;&nbsp;<i class=\"fab fa-windows fa-2x\"><\/i>&nbsp;&nbsp;&nbsp;<i class=\"fab fa-android fa-2x\"><\/i><\/div>\n<p>&nbsp;<\/p>\n<\/div>\n<\/td>\n<\/tr>\n<tr>\n<td><a href=\"bonus\/netbet\/\" rel=\"nofollow\"><img class=\"aligncenter\" src=\"wp-content\/uploads\/bwin-logo.png\" \/><\/a><\/p>\n<div style=\"text-align: center;\"><\/div>\n<\/td>\n<td><a href=\"bonus\/netbet\/\" rel=\"nofollow\"><button class=\"hvr-grow-shadow\">Parier Maintenant<\/button><\/a><\/td>\n<td>\n<div class=\"center\"><a href=\"bonus\/netbet\/\" rel=\"nofollow\"><strong class=\"green-text\">100%<\/strong><br \/>\n<\/p>\n<div class=\"up-to\">jusqu&#8217;\u00e0<\/div>\n<p><strong class=\"green-text\">\u20ac120<\/strong><\/a><\/div>\n<\/div>\n<\/td>\n<td>\n<div class=\"center\">\n<p>&nbsp;<\/p>\n<p><i class=\"fab fa-apple fa-2x\"><\/i>&nbsp;&nbsp;&nbsp;<i class=\"fab fa-windows fa-2x\"><\/i>&nbsp;&nbsp;&nbsp;<i class=\"fab fa-android fa-2x\"><\/i><\/div>\n<p>&nbsp;<\/p>\n<\/div>\n<\/td>\n<\/tr>\n<tr class=\"subheader\">\n<td colspan=\"4\">Les Arnaques<\/td>\n<\/tr>\n<tr>\n<td><img class=\"aligncenter\" src=\"wp-content\/uploads\/betstars-logo.png\" \/><\/p>\n<div style=\"text-align: center;\"><\/div>\n<\/td>\n<td><\/td>\n<td><\/td>\n<td><\/td>\n<\/tr>\n<tr>\n<td><img class=\"aligncenter\" src=\"wp-content\/uploads\/france-pari-logo.jpg\" \/><\/p>\n<div style=\"text-align: center;\"><\/div>\n<\/td>\n<td><\/td>\n<td><\/td>\n<td><\/td>\n<\/tr>\n<\/tbody>\n<\/table>\n<\/div>\n<p>Par d\u00e9finition, un pari sportif consiste \u00e0 miser une somme sur les \u00e9v\u00e8nements lors d\u2019une rencontre sportive. Le pronostic de foot, lui, est une analyse ayant pour int\u00e9r\u00eat de pr\u00e9voir l\u2019issue d\u2019un \u00e9v\u00e8nement lors de la rencontre en question. Plusieurs sites de pari proposent un pronostic foot gratuit pour aider les parieurs h\u00e9sitant entre les deux \u00e9quipes. Dans le monde du sport, il est souvent question de pronostic sur les r\u00e9sultats des matchs de foot en question.<\/p>\n<h2>Comment gagner au long terme<\/h2>\n<p>A priori, pour d\u00e9terminer la cotation sur le foot, les bookmakers mettent en avant la loi de poisson pour le pronostic. Par d\u00e9finition, cette loi sur le pronostic prend en compte les capacit\u00e9s d\u00e9fensives et offensives d\u2019une \u00e9quipe.<br \/>\nDe ce fait, il \u00e9value la force offensive et d\u00e9fensive, et ce, par l\u2019interm\u00e9diaire de la quantit\u00e9 \u00e9norme de statistiques r\u00e9colt\u00e9es pendant plusieurs ann\u00e9es. Dans le cas d\u2019un pronostic de foot, un but est \u00e9quivalent \u00e0 un point facilitant particuli\u00e8rement le calcul des bookmakers et s\u2019int\u00e9grera dans un mod\u00e8le de statistique basique.<br \/>\nG\u00e9n\u00e9ralement, il y a peu d\u2019impr\u00e9vus d\u2019avant-match en foot. Un joueur absent dans une \u00e9quipe ne va pas changer les cotes sauf s\u2019il s\u2019agit d\u2019un joueur extr\u00eamement dou\u00e9 comme Ronaldo ou Lionel Messi. D\u2019ailleurs, les compositions d\u2019une \u00e9quipe d\u2019une semaine \u00e0 l\u2019autre peuvent \u00eatre des param\u00e8tres pouvant changer les cotes sur le match ou les r\u00e9sultats de ce dernier. Par ailleurs, il existe peu de variation de c\u00f4tes et de statistiques avant un match.<br \/>\n<img loading=\"lazy\" class=\"alignnone size-full wp-image-13 aligncenter\" src=\"http:\/\/gorillatee.net\/pronostic-foot\/wp-content\/uploads\/2018\/01\/foot2-1.jpg\" alt=\"\" width=\"590\" height=\"260\" \/><br \/>\nL\u2019al\u00e9atoire du foot est l\u2019un des param\u00e8tres in\u00e9vitables dans le pari en foot. En effet, dans le foot, les r\u00e9sultats semblent plus al\u00e9atoires par rapport \u00e0 d\u2019autres rencontres sportives. De ce fait, les pronostic en foot sont pratiquement plus compliqu\u00e9s \u00e0 prendre pour un parieur, qu\u2019il soit d\u00e9butant ou exp\u00e9riment\u00e9. On ne parle de meilleur pronostic foot lorsqu\u2019il s\u2019agit d\u2019une analyse \u00e9valuant toutes les valeurs ou les variables \u00e0 jour pour le pronostic.<\/p>\n<h2>Le pronostic foot gratuit<\/h2>\n<p>Pour aider les parieurs dans leur choix, un grand nombre de sites de paris sportifs proposent une pr\u00e9vision gratuit pour ses abonn\u00e9s. Les analyses effectu\u00e9es par ces sites sont g\u00e9n\u00e9ralement bien \u00e9valu\u00e9es \u00e9tant donn\u00e9 qu\u2019elles sont r\u00e9alis\u00e9es par des chroniqueurs et des as du foot. Souvent, pour un grand nombre de d\u00e9butants, le pronostic reste des facteurs les permettant d\u2019avoir acc\u00e8s sur les \u00e9ventuels r\u00e9sultats du match, bien \u00e9videmment selon les statistiques et les probabilit\u00e9s. En effet, ils n\u2019auront plus \u00e0 calculer les variables et les variantes des \u00e9ventuels \u00e9v\u00e8nements durant le match \u00e9tant donn\u00e9 que les experts ont d\u00e9j\u00e0 mis en avant un pronostic. Etant donn\u00e9 que c\u2019est gratuit, il faut tout de m\u00eame faire attention, car il s\u2019agit ici de jouer avec de l\u2019argent, et tout le monde sait que les jeux d\u2019argent sont addictifs.<\/p>\n<h2>Gagner avec pronostic loto foot<\/h2>\n<p>Loto Foot \u00e9tant un g\u00e9ant dans le monde du pari sportif, notamment dans le football propose plusieurs services \u00e0 ses abonn\u00e9s. En effet, ce dernier donne l\u2019occasion \u00e0 tout le monde de parier sur une \u00e9quipe lors d\u2019une rencontre sportive. D\u2019ailleurs, les chroniqueurs du groupe proposent un pronostic loto foot gratuit dans le but d\u2019aider les parieurs dans leurs analyses. Toutes les variantes et les variables seront consid\u00e9r\u00e9es dans le pronostic afin d\u2019\u00eatre s\u00fbres sur les \u00e9ventuels r\u00e9sultats du match. Toutefois, il y a l\u2019al\u00e9atoire du football, qui peut rendre les analyses totalement nulles. Le pronostic loto foot reste \u00e9galement gratuit dans certains cas, notamment pour les abonn\u00e9s et les parieurs sur les sites. Le pronostic peut \u00eatre fauss\u00e9 dans le cas o\u00f9 des variantes sont oubli\u00e9es lors du calcul et de l\u2019analyse. D\u2019ailleurs, pour obtenir un meilleur pronostic foot, il est fortement recommand\u00e9 de prendre en consid\u00e9ration tout ce qui peut changer le r\u00e9sultat du match et suivre l\u2019\u00e9volution de l\u2019\u00e9quipe sur lequel parier.<br \/>\n<a href=\"bonus\/netbet\/\" rel=\"nofollow noopener noreferrer\"><img loading=\"lazy\" class=\"aligncenter\" src=\"http:\/\/gorillatee.net\/pronostic-foot\/501.gif\" width=\"320\" height=\"250\" border=\"0\" \/><\/a><\/p>\n","protected":false},"excerpt":{"rendered":"<p>Casino Bonus Paiement et Compatibilit\u00e9 Parier Maintenant 100% jusqu&#8217;\u00e0 \u20ac100 &nbsp; &nbsp;&nbsp;&nbsp;&nbsp;&nbsp;&nbsp; &nbsp; [&hellip;]<\/p>\n","protected":false},"author":1,"featured_media":0,"parent":0,"menu_order":0,"comment_status":"closed","ping_status":"closed","template":"template-with-sidebar.php","meta":[],"_links":{"self":[{"href":"http:\/\/gorillatee.net\/pronostic-foot\/wp-json\/wp\/v2\/pages\/9"}],"collection":[{"href":"http:\/\/gorillatee.net\/pronostic-foot\/wp-json\/wp\/v2\/pages"}],"about":[{"href":"http:\/\/gorillatee.net\/pronostic-foot\/wp-json\/wp\/v2\/types\/page"}],"author":[{"embeddable":true,"href":"http:\/\/gorillatee.net\/pronostic-foot\/wp-json\/wp\/v2\/users\/1"}],"replies":[{"embeddable":true,"href":"http:\/\/gorillatee.net\/pronostic-foot\/wp-json\/wp\/v2\/comments?post=9"}],"version-history":[{"count":13,"href":"http:\/\/gorillatee.net\/pronostic-foot\/wp-json\/wp\/v2\/pages\/9\/revisions"}],"predecessor-version":[{"id":22,"href":"http:\/\/gorillatee.net\/pronostic-foot\/wp-json\/wp\/v2\/pages\/9\/revisions\/22"}],"wp:attachment":[{"href":"http:\/\/gorillatee.net\/pronostic-foot\/wp-json\/wp\/v2\/media?parent=9"}],"curies":[{"name":"wp","href":"https:\/\/api.w.org\/{rel}","templated":true}]}}